{"id":7,"date":"2025-10-29T15:40:46","date_gmt":"2025-10-29T15:40:46","guid":{"rendered":"https:\/\/www.hudr.cz\/?page_id=7"},"modified":"2026-02-05T15:11:11","modified_gmt":"2026-02-05T15:11:11","slug":"o-nas","status":"publish","type":"page","link":"https:\/\/www.hudr.cz\/","title":{"rendered":""},"content":{"rendered":"\n<div class=\"wp-block-cover is-light\" style=\"min-height:147px;aspect-ratio:unset;\"><img loading=\"lazy\" decoding=\"async\" width=\"1024\" height=\"263\" class=\"wp-block-cover__image-background wp-image-264 size-large\" alt=\"\" src=\"https:\/\/www.hudr.cz\/wp-content\/uploads\/2025\/11\/y2017-04-17-010_generated-2-1024x263.jpg\" data-object-fit=\"cover\" srcset=\"https:\/\/www.hudr.cz\/wp-content\/uploads\/2025\/11\/y2017-04-17-010_generated-2-1024x263.jpg 1024w, https:\/\/www.hudr.cz\/wp-content\/uploads\/2025\/11\/y2017-04-17-010_generated-2-300x77.jpg 300w, https:\/\/www.hudr.cz\/wp-content\/uploads\/2025\/11\/y2017-04-17-010_generated-2-768x197.jpg 768w, https:\/\/www.hudr.cz\/wp-content\/uploads\/2025\/11\/y2017-04-17-010_generated-2-1536x395.jpg 1536w, https:\/\/www.hudr.cz\/wp-content\/uploads\/2025\/11\/y2017-04-17-010_generated-2.jpg 1785w\" sizes=\"auto, (max-width: 1024px) 100vw, 1024px\" \/><span aria-hidden=\"true\" class=\"wp-block-cover__background has-white-background-color has-background-dim\"><\/span><div class=\"wp-block-cover__inner-container is-layout-constrained wp-block-cover-is-layout-constrained\">\n<p class=\"has-text-align-center has-large-font-size\"><\/p>\n<\/div><\/div>\n\n\n\n<p><\/p>\n\n\n\n<p class=\"has-text-align-left has-x-large-font-size\">O n\u00e1s<\/p>\n\n\n\n<p class=\"has-text-align-left\">Na\u0161e agentura v\u00e1m nab\u00edz\u00ed produkci kulturn\u00edch a vzd\u011bl\u00e1vac\u00edch po\u0159ad\u016f. Naleznete zde p\u0159ehled nab\u00edzen\u00fdch po\u0159ad\u016f s obrazov\u00fdmi i zvukov\u00fdmi uk\u00e1zkami.<\/p>\n\n\n\n<figure class=\"wp-block-image size-full is-style-default wp-container-content-5f80b302\"><img loading=\"lazy\" decoding=\"async\" width=\"2377\" height=\"554\" src=\"https:\/\/www.hudr.cz\/wp-content\/uploads\/2026\/02\/banner-uvod.jpg\" alt=\"\" class=\"wp-image-319\" style=\"object-fit:cover\" srcset=\"https:\/\/www.hudr.cz\/wp-content\/uploads\/2026\/02\/banner-uvod.jpg 2377w, https:\/\/www.hudr.cz\/wp-content\/uploads\/2026\/02\/banner-uvod-300x70.jpg 300w, https:\/\/www.hudr.cz\/wp-content\/uploads\/2026\/02\/banner-uvod-1024x239.jpg 1024w, https:\/\/www.hudr.cz\/wp-content\/uploads\/2026\/02\/banner-uvod-768x179.jpg 768w, https:\/\/www.hudr.cz\/wp-content\/uploads\/2026\/02\/banner-uvod-1536x358.jpg 1536w, https:\/\/www.hudr.cz\/wp-content\/uploads\/2026\/02\/banner-uvod-2048x477.jpg 2048w\" sizes=\"auto, (max-width: 2377px) 100vw, 2377px\" \/><\/figure>\n\n\n\n<p><\/p>\n\n\n\n<p>Hraj\u00ed a zp\u00edvaj\u00ed: JAN V\u00cdZNER a IVA MISTROV\u00c1<\/p>\n\n\n\n<div class=\"wp-block-group is-layout-constrained wp-block-group-is-layout-constrained\">\n<div class=\"wp-block-group is-layout-constrained wp-block-group-is-layout-constrained\">\n<div class=\"wp-block-group is-layout-grid wp-container-core-group-is-layout-478b6e6b wp-block-group-is-layout-grid\"><\/div>\n<\/div>\n\n\n\n<p class=\"has-small-font-size\"><\/p>\n<\/div>\n\n\n\n<p class=\"has-text-align-left\"><strong>Hudebn\u011b-dramatick\u00e1 agentura HUDR &#8211; Jan V\u00edzner,<\/strong>&nbsp;vznikla v roce 1992, jako obrana proti zbyte\u010dn\u00e9mu navy\u0161ov\u00e1n\u00ed cen program\u016f o mar\u017ei zprost\u0159edkovatelsk\u00fdch agentur. T\u00edm si m\u016f\u017eeme dovolit p\u0159\u00edzniv\u00e9 ceny a z\u00edskat v\u00edce div\u00e1k\u016f. Do roku 2000 jsem spolupracoval s agenturou Petra Kubece a pot\u00e9 11 let s here\u010dkou a zp\u011bva\u010dkou <em>Drahom\u00edrou Vlachovou<\/em>, kter\u00e1 dlouh\u00e1 l\u00e9ta p\u016fsobila po boku moder\u00e1tora <em>E.Hrube\u0161e<\/em> v netradi\u010dn\u00ed <em>Velkopopovick\u00e9 Kozlovce<\/em>, a tak\u00e9 v des\u00edtk\u00e1ch zabavn\u00fdch televizn\u00edch po\u0159ad\u016f. V b\u0159eznu 2012 v\u0161ak podlehla dlouh\u00e9 nemoci, a tak p\u0159i\u0161la doba zm\u011bn. Za\u010dala spolupr\u00e1ce s mladou talentovanou here\u010dkou a zp\u011bva\u010dkou z Ostravy <em>Luci\u00ed Palonciovou<\/em> a nem\u00e9n\u011b talentovanou <em>Ivetou Hrt\u00e1nkovou<\/em> a t\u00e9\u017e skv\u011blou <em>Helenou Krupovou<\/em>. To p\u0159ineslo nov\u00e9 mo\u017enosti do programov\u00e9ho zpracov\u00e1n\u00ed hudebn\u011b z\u00e1bavn\u00fdch po\u0159ad\u016f.<\/p>\n\n\n\n<p class=\"has-text-align-left\"><br><strong>Jan V\u00edzner:<\/strong>&nbsp;zp\u011bv\u00e1k, multiinstrumentalista, hostoval v M\u011bstsk\u00fdch divadlech pra\u017esk\u00fdch, v hudebn\u00edch hr\u00e1ch. Od roku 1992 na voln\u00e9 noze. Manager, sc\u00e9n\u00e1rista, autor mnoha p\u00edsn\u00ed a komponovan\u00fdch z\u00e1bavn\u00fdch po\u0159ad\u016f pro d\u011bti          a div\u00e1ky st\u0159edn\u00ed i star\u0161\u00ed kategorie.<\/p>\n\n\n\n<p>Nyn\u00ed spolupracuji s&nbsp;<strong>Ivou Mistrovou<\/strong>,&nbsp; zp\u011bva\u010dkou s&nbsp;p\u0159irozen\u00fdm projevem a charakteristick\u00fdm zabarven\u00edm hlasu.<\/p>\n\n\n\n<p><\/p>\n\n\n\n<div style=\"height:162px\" aria-hidden=\"true\" class=\"wp-block-spacer\"><\/div>\n\n\n\n<p><\/p>\n\n\n\n<p><\/p>\n\n\n\n<p><\/p>\n\n\n\n<hr class=\"wp-block-separator has-alpha-channel-opacity\"\/>\n\n\n\n<p class=\"has-text-align-center has-luminous-vivid-orange-color has-text-color has-link-color has-small-font-size wp-elements-e521ea1891de15eda5002ecad09a9c42\"><em>hudebn\u00ed agentura     po\u0159ady pro seniory    hudebn\u00ed po\u0159ady    v\u00e1no\u010dn\u00ed po\u0159ady   velikono\u010dn\u00ed po\u0159ady<\/em>  HUDR  mluven\u00e9 slovo        <\/p>\n","protected":false},"excerpt":{"rendered":"<p>O n\u00e1s Na\u0161e agentura v\u00e1m nab\u00edz\u00ed produkci kulturn\u00edch a vzd\u011bl\u00e1vac\u00edch po\u0159ad\u016f. Naleznete zde p\u0159ehled nab\u00edzen\u00fdch po\u0159ad\u016f s obrazov\u00fdmi i zvukov\u00fdmi uk\u00e1zkami. Hraj\u00ed a zp\u00edvaj\u00ed: JAN V\u00cdZNER a IVA MISTROV\u00c1 Hudebn\u011b-dramatick\u00e1 agentura HUDR &#8211; Jan V\u00edzner,&nbsp;vznikla v roce 1992, jako obrana proti zbyte\u010dn\u00e9mu navy\u0161ov\u00e1n\u00ed cen program\u016f o mar\u017ei zprost\u0159edkovatelsk\u00fdch agentur. T\u00edm si m\u016f\u017eeme dovolit p\u0159\u00edzniv\u00e9 ceny [&hellip;]<\/p>\n","protected":false},"author":1,"featured_media":244,"parent":0,"menu_order":0,"comment_status":"closed","ping_status":"closed","template":"","meta":{"footnotes":""},"class_list":["post-7","page","type-page","status-publish","has-post-thumbnail","hentry"],"_links":{"self":[{"href":"https:\/\/www.hudr.cz\/index.php?rest_route=\/wp\/v2\/pages\/7","targetHints":{"allow":["GET"]}}],"collection":[{"href":"https:\/\/www.hudr.cz\/index.php?rest_route=\/wp\/v2\/pages"}],"about":[{"href":"https:\/\/www.hudr.cz\/index.php?rest_route=\/wp\/v2\/types\/page"}],"author":[{"embeddable":true,"href":"https:\/\/www.hudr.cz\/index.php?rest_route=\/wp\/v2\/users\/1"}],"replies":[{"embeddable":true,"href":"https:\/\/www.hudr.cz\/index.php?rest_route=%2Fwp%2Fv2%2Fcomments&post=7"}],"version-history":[{"count":37,"href":"https:\/\/www.hudr.cz\/index.php?rest_route=\/wp\/v2\/pages\/7\/revisions"}],"predecessor-version":[{"id":325,"href":"https:\/\/www.hudr.cz\/index.php?rest_route=\/wp\/v2\/pages\/7\/revisions\/325"}],"wp:featuredmedia":[{"embeddable":true,"href":"https:\/\/www.hudr.cz\/index.php?rest_route=\/wp\/v2\/media\/244"}],"wp:attachment":[{"href":"https:\/\/www.hudr.cz\/index.php?rest_route=%2Fwp%2Fv2%2Fmedia&parent=7"}],"curies":[{"name":"wp","href":"https:\/\/api.w.org\/{rel}","templated":true}]}}